{"id":903,"date":"2025-03-12T13:28:22","date_gmt":"2025-03-12T12:28:22","guid":{"rendered":"https:\/\/zukunftsraum-urbane-landwirtschaft.de\/imprint\/"},"modified":"2025-09-15T12:52:50","modified_gmt":"2025-09-15T10:52:50","slug":"imprint","status":"publish","type":"page","link":"https:\/\/zukunftsraum-urbane-landwirtschaft.de\/en\/imprint\/","title":{"rendered":"Imprint"},"content":{"rendered":"\n<div class=\"wp-block-group has-global-padding is-layout-constrained wp-block-group-is-layout-constrained\">\n<p><br\/><strong>Publisher<\/strong><br\/>HafenCity University Hamburg<br\/>Henning-Voscherau-Platz 1<br\/>20457 Hamburg <br\/>Phone +49 (0)40 42827-5354\/-5355<br\/>Fax +49 (0)40 4273-11564 <br\/>E-mail: <a href=\"https:\/\/www.hcu-hamburg.de\/impressum#\">infothek(at)hcu-hamburg.de<\/a><br\/> <br\/><strong>Legal form<\/strong><br\/>Public law corporation<br\/> <br\/><strong>Legal representative<\/strong><br\/>President of HafenCity University (HCU) Prof. Dr. J\u00f6rg M\u00fcller-Lietzkow<br\/> <br\/><strong>Responsible supervisory authority<\/strong><br\/>Authority for Science, Research and Equality (BWFG)<br\/>Hamburger Stra\u00dfe 37<br\/>22083 Hamburg<br\/> <br\/><strong>Contact<\/strong><br\/><a href=\"mailto:viktoria.khokhlova@hcu-hamburg\"><u>viktoria.khokhlova@hcu-hamburg<\/u><\/a><br\/><a href=\"https:\/\/stadt-landschaft.de\/antje.stokman@hcu-hamburg.de\"><u>antje.stokman@hcu-hamburg.de<\/u><\/a><br\/><a href=\"mailto:doris.lange@uni-kassel.de\"><u>doris.lange@uni-kassel.de<\/u><\/a> <br\/> <br\/><a href=\"https:\/\/stadt-landschaft.de\/www.stadt-landschaft.de\"><u>zukunftsraum-urbane-landwirtschaft.de<\/u><\/a><br\/> <br\/><strong>Responsible for content<\/strong><br\/>Viktoria Khokhlova, Doris Lange, Lasse Peters, Lilith Hofmann, Antje Stokman, Bettina K\u00f6nig, Mona Quambusch, Lara B\u00fcrig<br\/> <br\/><strong><strong>Design<\/strong><br\/><\/strong><a href=\"https:\/\/formkultur.de\" target=\"_blank\" rel=\"noreferrer noopener\">Formkultur<\/a><br\/>Mevi\u00dfen &amp; Jagla GbR<br\/> <br\/><strong>Programming<\/strong><br\/><a href=\"https:\/\/vlip.io\/?utm_source=email_signature&amp;utm_medium=email&amp;utm_campaign=jose%40vlip.io\">VLIP \/ Design Events Digital<\/a><br\/> <br\/><strong><strong>Sponsored and financed by<\/strong><br\/><\/strong>Authority for Environment, Climate, Energy and Agriculture<br\/>Agricultural Department<br\/>Neuenfelder Stra\u00dfe 19<br\/>21109 Hamburg<\/p>\n\n\n\n<div class=\"wp-block-group has-global-padding is-layout-constrained wp-block-group-is-layout-constrained\">\n<p><strong>Liability for content<\/strong><\/p>\n\n\n\n<p>As a service provider, we are responsible for our own content on these pages in accordance with general laws pursuant to \u00a7 7 Para. 1 DDG. However, we are not obliged to monitor transmitted or stored external information or to investigate circumstances that indicate illegal activity.  <\/p>\n\n\n\n<p>Obligations to remove or block the use of information according to general laws remain unaffected. However, liability in this regard is only possible from the point in time at which a specific legal violation becomes known. <\/p>\n\n\n\n<p>If we become aware of corresponding legal violations, we will remove this content immediately.<\/p>\n\n\n\n<p><strong>Liability for links<\/strong><\/p>\n\n\n\n<p>Our offer contains links to external websites of third parties, on whose content we have no influence. Therefore, we cannot assume any liability for this external content. The respective provider or operator of the pages is always responsible for the content of the linked pages.  <\/p>\n\n\n\n<p>The linked pages were checked for possible legal violations at the time of linking. Illegal content was not recognizable at this time. However, permanent monitoring of the content of the linked pages is not reasonable without concrete evidence of a legal violation. If we become aware of legal violations, we will remove such links immediately.   <br\/> <br\/> <br\/><strong>Copyright and trademark rights &amp; license grant (Creative Commons)<\/strong><br\/>All content published on this website (texts, images, graphics, videos, etc.) is subject to copyright. Any duplication or use requires the express permission of the respective rights holders. <br\/> <br\/>The basics and contents of the website zukunftsraum-urbane-landwirtschaft.de are a joint research project between HafenCity University Hamburg, University of Kassel and Julius K\u00fchn-Institut. Unless otherwise stated, all content provided at zukunftsraum-urbane-landwirtschaft.de is under a CC BY-NC-SA license (<a href=\"https:\/\/creativecommons.org\/licenses\/?lang=de\"><u>creativecommons.org\/licenses<\/u><\/a>) and is marked in compliance with the CC license requirements. The usage rights are based on this CC license. All content provided by zukunftsraum-urbane-landwirtschaft.de that is not under CC BY-NC-SA is provided directly with a clear note on the respective content.   <\/p>\n<\/div>\n<\/div>\n\n<p><\/p>\n","protected":false},"excerpt":{"rendered":"<p>PublisherHafenCity University HamburgHenning-Voscherau-Platz 120457 Hamburg Phone +49 (0)40 42827-5354\/-5355Fax +49 (0)40 4273-11564 E-mail: infothek(at)hcu-hamburg.de Legal formPublic law corporation Legal representativePresident of HafenCity University (HCU) Prof. Dr. J\u00f6rg M\u00fcller-Lietzkow Responsible supervisory authorityAuthority for Science, Research and Equality (BWFG)Hamburger Stra\u00dfe 3722083 Hamburg Contactviktoria.khokhlova@hcu-hamburgantje.stokman@hcu-hamburg.dedoris.lange@uni-kassel.de zukunftsraum-urbane-landwirtschaft.de Responsible for contentViktoria Khokhlova, Doris Lange, Lasse Peters, Lilith Hofmann, Antje Stokman, Bettina [&hellip;]<\/p>\n","protected":false},"author":1,"featured_media":0,"parent":0,"menu_order":0,"comment_status":"closed","ping_status":"closed","template":"","meta":{"_acf_changed":false,"footnotes":""},"class_list":["post-903","page","type-page","status-publish","hentry"],"acf":[],"yoast_head":"<!-- This site is optimized with the Yoast SEO plugin v27.3 - https:\/\/yoast.com\/product\/yoast-seo-wordpress\/ -->\n<title>Imprint - Zukunftsraum urbane Landwirtschaft<\/title>\n<meta name=\"robots\" content=\"index, follow, max-snippet:-1, max-image-preview:large, max-video-preview:-1\" \/>\n<link rel=\"canonical\" href=\"https:\/\/zukunftsraum-urbane-landwirtschaft.de\/en\/imprint\/\" \/>\n<meta property=\"og:locale\" content=\"en_US\" \/>\n<meta property=\"og:type\" content=\"article\" \/>\n<meta property=\"og:title\" content=\"Imprint - Zukunftsraum urbane Landwirtschaft\" \/>\n<meta property=\"og:description\" content=\"PublisherHafenCity University HamburgHenning-Voscherau-Platz 120457 Hamburg Phone +49 (0)40 42827-5354\/-5355Fax +49 (0)40 4273-11564 E-mail: infothek(at)hcu-hamburg.de Legal formPublic law corporation Legal representativePresident of HafenCity University (HCU) Prof. Dr. J\u00f6rg M\u00fcller-Lietzkow Responsible supervisory authorityAuthority for Science, Research and Equality (BWFG)Hamburger Stra\u00dfe 3722083 Hamburg Contactviktoria.khokhlova@hcu-hamburgantje.stokman@hcu-hamburg.dedoris.lange@uni-kassel.de zukunftsraum-urbane-landwirtschaft.de Responsible for contentViktoria Khokhlova, Doris Lange, Lasse Peters, Lilith Hofmann, Antje Stokman, Bettina [&hellip;]\" \/>\n<meta property=\"og:url\" content=\"https:\/\/zukunftsraum-urbane-landwirtschaft.de\/en\/imprint\/\" \/>\n<meta property=\"og:site_name\" content=\"Zukunftsraum urbane Landwirtschaft\" \/>\n<meta property=\"article:modified_time\" content=\"2025-09-15T10:52:50+00:00\" \/>\n<meta name=\"twitter:card\" content=\"summary_large_image\" \/>\n<meta name=\"twitter:label1\" content=\"Est. reading time\" \/>\n\t<meta name=\"twitter:data1\" content=\"2 minutes\" \/>\n<script type=\"application\/ld+json\" class=\"yoast-schema-graph\">{\"@context\":\"https:\\\/\\\/schema.org\",\"@graph\":[{\"@type\":\"WebPage\",\"@id\":\"https:\\\/\\\/zukunftsraum-urbane-landwirtschaft.de\\\/en\\\/imprint\\\/\",\"url\":\"https:\\\/\\\/zukunftsraum-urbane-landwirtschaft.de\\\/en\\\/imprint\\\/\",\"name\":\"Imprint - Zukunftsraum urbane Landwirtschaft\",\"isPartOf\":{\"@id\":\"https:\\\/\\\/zukunftsraum-urbane-landwirtschaft.de\\\/en\\\/#website\"},\"datePublished\":\"2025-03-12T12:28:22+00:00\",\"dateModified\":\"2025-09-15T10:52:50+00:00\",\"breadcrumb\":{\"@id\":\"https:\\\/\\\/zukunftsraum-urbane-landwirtschaft.de\\\/en\\\/imprint\\\/#breadcrumb\"},\"inLanguage\":\"en-US\",\"potentialAction\":[{\"@type\":\"ReadAction\",\"target\":[\"https:\\\/\\\/zukunftsraum-urbane-landwirtschaft.de\\\/en\\\/imprint\\\/\"]}]},{\"@type\":\"BreadcrumbList\",\"@id\":\"https:\\\/\\\/zukunftsraum-urbane-landwirtschaft.de\\\/en\\\/imprint\\\/#breadcrumb\",\"itemListElement\":[{\"@type\":\"ListItem\",\"position\":1,\"name\":\"Startseite\",\"item\":\"https:\\\/\\\/zukunftsraum-urbane-landwirtschaft.de\\\/en\\\/\"},{\"@type\":\"ListItem\",\"position\":2,\"name\":\"Imprint\"}]},{\"@type\":\"WebSite\",\"@id\":\"https:\\\/\\\/zukunftsraum-urbane-landwirtschaft.de\\\/en\\\/#website\",\"url\":\"https:\\\/\\\/zukunftsraum-urbane-landwirtschaft.de\\\/en\\\/\",\"name\":\"Zukunftsraum urbane Landwirtschaft\",\"description\":\"\",\"publisher\":{\"@id\":\"https:\\\/\\\/zukunftsraum-urbane-landwirtschaft.de\\\/en\\\/#organization\"},\"potentialAction\":[{\"@type\":\"SearchAction\",\"target\":{\"@type\":\"EntryPoint\",\"urlTemplate\":\"https:\\\/\\\/zukunftsraum-urbane-landwirtschaft.de\\\/en\\\/?s={search_term_string}\"},\"query-input\":{\"@type\":\"PropertyValueSpecification\",\"valueRequired\":true,\"valueName\":\"search_term_string\"}}],\"inLanguage\":\"en-US\"},{\"@type\":\"Organization\",\"@id\":\"https:\\\/\\\/zukunftsraum-urbane-landwirtschaft.de\\\/en\\\/#organization\",\"name\":\"Zukunftsraum urbane Landwirtschaft\",\"url\":\"https:\\\/\\\/zukunftsraum-urbane-landwirtschaft.de\\\/en\\\/\",\"logo\":{\"@type\":\"ImageObject\",\"inLanguage\":\"en-US\",\"@id\":\"https:\\\/\\\/zukunftsraum-urbane-landwirtschaft.de\\\/en\\\/#\\\/schema\\\/logo\\\/image\\\/\",\"url\":\"https:\\\/\\\/zukunftsraum-urbane-landwirtschaft.de\\\/app\\\/uploads\\\/2025\\\/03\\\/zukunftsraum_urbane_landwirtschaft-logo.png\",\"contentUrl\":\"https:\\\/\\\/zukunftsraum-urbane-landwirtschaft.de\\\/app\\\/uploads\\\/2025\\\/03\\\/zukunftsraum_urbane_landwirtschaft-logo.png\",\"width\":642,\"height\":336,\"caption\":\"Zukunftsraum urbane Landwirtschaft\"},\"image\":{\"@id\":\"https:\\\/\\\/zukunftsraum-urbane-landwirtschaft.de\\\/en\\\/#\\\/schema\\\/logo\\\/image\\\/\"}}]}<\/script>\n<!-- \/ Yoast SEO plugin. -->","yoast_head_json":{"title":"Imprint - Zukunftsraum urbane Landwirtschaft","robots":{"index":"index","follow":"follow","max-snippet":"max-snippet:-1","max-image-preview":"max-image-preview:large","max-video-preview":"max-video-preview:-1"},"canonical":"https:\/\/zukunftsraum-urbane-landwirtschaft.de\/en\/imprint\/","og_locale":"en_US","og_type":"article","og_title":"Imprint - Zukunftsraum urbane Landwirtschaft","og_description":"PublisherHafenCity University HamburgHenning-Voscherau-Platz 120457 Hamburg Phone +49 (0)40 42827-5354\/-5355Fax +49 (0)40 4273-11564 E-mail: infothek(at)hcu-hamburg.de Legal formPublic law corporation Legal representativePresident of HafenCity University (HCU) Prof. Dr. J\u00f6rg M\u00fcller-Lietzkow Responsible supervisory authorityAuthority for Science, Research and Equality (BWFG)Hamburger Stra\u00dfe 3722083 Hamburg Contactviktoria.khokhlova@hcu-hamburgantje.stokman@hcu-hamburg.dedoris.lange@uni-kassel.de zukunftsraum-urbane-landwirtschaft.de Responsible for contentViktoria Khokhlova, Doris Lange, Lasse Peters, Lilith Hofmann, Antje Stokman, Bettina [&hellip;]","og_url":"https:\/\/zukunftsraum-urbane-landwirtschaft.de\/en\/imprint\/","og_site_name":"Zukunftsraum urbane Landwirtschaft","article_modified_time":"2025-09-15T10:52:50+00:00","twitter_card":"summary_large_image","twitter_misc":{"Est. reading time":"2 minutes"},"schema":{"@context":"https:\/\/schema.org","@graph":[{"@type":"WebPage","@id":"https:\/\/zukunftsraum-urbane-landwirtschaft.de\/en\/imprint\/","url":"https:\/\/zukunftsraum-urbane-landwirtschaft.de\/en\/imprint\/","name":"Imprint - Zukunftsraum urbane Landwirtschaft","isPartOf":{"@id":"https:\/\/zukunftsraum-urbane-landwirtschaft.de\/en\/#website"},"datePublished":"2025-03-12T12:28:22+00:00","dateModified":"2025-09-15T10:52:50+00:00","breadcrumb":{"@id":"https:\/\/zukunftsraum-urbane-landwirtschaft.de\/en\/imprint\/#breadcrumb"},"inLanguage":"en-US","potentialAction":[{"@type":"ReadAction","target":["https:\/\/zukunftsraum-urbane-landwirtschaft.de\/en\/imprint\/"]}]},{"@type":"BreadcrumbList","@id":"https:\/\/zukunftsraum-urbane-landwirtschaft.de\/en\/imprint\/#breadcrumb","itemListElement":[{"@type":"ListItem","position":1,"name":"Startseite","item":"https:\/\/zukunftsraum-urbane-landwirtschaft.de\/en\/"},{"@type":"ListItem","position":2,"name":"Imprint"}]},{"@type":"WebSite","@id":"https:\/\/zukunftsraum-urbane-landwirtschaft.de\/en\/#website","url":"https:\/\/zukunftsraum-urbane-landwirtschaft.de\/en\/","name":"Zukunftsraum urbane Landwirtschaft","description":"","publisher":{"@id":"https:\/\/zukunftsraum-urbane-landwirtschaft.de\/en\/#organization"},"potentialAction":[{"@type":"SearchAction","target":{"@type":"EntryPoint","urlTemplate":"https:\/\/zukunftsraum-urbane-landwirtschaft.de\/en\/?s={search_term_string}"},"query-input":{"@type":"PropertyValueSpecification","valueRequired":true,"valueName":"search_term_string"}}],"inLanguage":"en-US"},{"@type":"Organization","@id":"https:\/\/zukunftsraum-urbane-landwirtschaft.de\/en\/#organization","name":"Zukunftsraum urbane Landwirtschaft","url":"https:\/\/zukunftsraum-urbane-landwirtschaft.de\/en\/","logo":{"@type":"ImageObject","inLanguage":"en-US","@id":"https:\/\/zukunftsraum-urbane-landwirtschaft.de\/en\/#\/schema\/logo\/image\/","url":"https:\/\/zukunftsraum-urbane-landwirtschaft.de\/app\/uploads\/2025\/03\/zukunftsraum_urbane_landwirtschaft-logo.png","contentUrl":"https:\/\/zukunftsraum-urbane-landwirtschaft.de\/app\/uploads\/2025\/03\/zukunftsraum_urbane_landwirtschaft-logo.png","width":642,"height":336,"caption":"Zukunftsraum urbane Landwirtschaft"},"image":{"@id":"https:\/\/zukunftsraum-urbane-landwirtschaft.de\/en\/#\/schema\/logo\/image\/"}}]}},"_links":{"self":[{"href":"https:\/\/zukunftsraum-urbane-landwirtschaft.de\/en\/wp-json\/wp\/v2\/pages\/903","targetHints":{"allow":["GET"]}}],"collection":[{"href":"https:\/\/zukunftsraum-urbane-landwirtschaft.de\/en\/wp-json\/wp\/v2\/pages"}],"about":[{"href":"https:\/\/zukunftsraum-urbane-landwirtschaft.de\/en\/wp-json\/wp\/v2\/types\/page"}],"author":[{"embeddable":true,"href":"https:\/\/zukunftsraum-urbane-landwirtschaft.de\/en\/wp-json\/wp\/v2\/users\/1"}],"replies":[{"embeddable":true,"href":"https:\/\/zukunftsraum-urbane-landwirtschaft.de\/en\/wp-json\/wp\/v2\/comments?post=903"}],"version-history":[{"count":1,"href":"https:\/\/zukunftsraum-urbane-landwirtschaft.de\/en\/wp-json\/wp\/v2\/pages\/903\/revisions"}],"predecessor-version":[{"id":904,"href":"https:\/\/zukunftsraum-urbane-landwirtschaft.de\/en\/wp-json\/wp\/v2\/pages\/903\/revisions\/904"}],"wp:attachment":[{"href":"https:\/\/zukunftsraum-urbane-landwirtschaft.de\/en\/wp-json\/wp\/v2\/media?parent=903"}],"curies":[{"name":"wp","href":"https:\/\/api.w.org\/{rel}","templated":true}]}}